{"id":13,"date":"2017-06-07T13:39:31","date_gmt":"2017-06-07T13:39:31","guid":{"rendered":"http:\/\/themirror-photography.de\/?page_id=13"},"modified":"2017-09-09T11:00:54","modified_gmt":"2017-09-09T11:00:54","slug":"was-tun-wir","status":"publish","type":"page","link":"http:\/\/themirror-photography.de\/?page_id=13","title":{"rendered":"Was tun wir?"},"content":{"rendered":"<p>Ihr wollt ein Foto von Euch?<\/p>\n<ul>\n<li>Das kann jeder machen! Euer Nachbar, ein Verwandter, der \u00f6rtliche Bademeister, ja sogar ein Blitzer.<\/li>\n<\/ul>\n<p>Ihr wollt ein spezielles Foto von Euch? Etwas Ausgefallenes? Etwas Besonderes?<\/p>\n<ul>\n<li>Dann k\u00f6nnen WIR Euch mit gr\u00f6\u00dfter Wahrscheinlichkeit helfen!<\/li>\n<\/ul>\n<p>Wie tun wir das?<\/p>\n<ul>\n<li>Ihr liefert die Idee oder meldet euch auf eines unserer &#8222;Wannado&#8217;s&#8220;.<\/li>\n<li>Wir setzen uns mit Euch in Verbindung und besprechen, was m\u00f6glich ist und wie wir die Idee am besten umsetzen k\u00f6nnen.<\/li>\n<li>Gemeinsam suchen wir eine passende Location (reale Hintergr\u00fcnde und Licht sind immer sch\u00f6ner als ein Fotohintergrund und &#8222;on location&#8220; macht es mehr Spa\u00df).<\/li>\n<li>Falls doch ein Indoor Shooting notwendig wird, bringen wir alles N\u00f6tige daf\u00fcr mit (ein Studio haben wir nicht).<\/li>\n<li>Das passende Outfit bringt Ihr selbst mit oder wir organisieren es mit Euch zusammen.<\/li>\n<li>Wenn Ihr m\u00f6gt, gibt es Frisur und Make Up dazu, nat\u00fcrlich professionell und individuell.<\/li>\n<li>Zu guter Letzt machen wir mit Euch die gew\u00fcnschten Bilder.<\/li>\n<li>Eine Nachbearbeitung der fertigen Fotos erfolgt nat\u00fcrlich auch.<\/li>\n<\/ul>\n<p>Was f\u00fcr Bilder machen wir?<\/p>\n<ul>\n<li>People \/ Fashion<\/li>\n<li>Portrait<\/li>\n<li>Akt \/ Teilakt \/ Erotik<\/li>\n<li>Konzert \/ Live (f\u00fcr Bands &amp; Veranstalter)<\/li>\n<li>Theme Shootings (z.B. LARP, Horror, Sci-Fi, Cosplay, usw.)<\/li>\n<\/ul>\n<p>Grunds\u00e4tzlich k\u00f6nnt Ihr uns aber nach jeder Art von Shooting fragen. Denn alles ist m\u00f6glich, solange <u>Ihr und wir<\/u> Spa\u00df an der Sache haben.<\/p>\n<p>Aber denkt daran: &#8222;Standard&#8220; wie in jedem anderen Fotostudio gibt&#8217;s bei uns nicht, denn &#8222;Standard&#8220; kann jeder und weder Ihr noch wir sind &#8222;jeder&#8220;!<\/p>\n","protected":false},"excerpt":{"rendered":"<p>Ihr wollt ein Foto von Euch? Das kann jeder machen! Euer Nachbar, ein Verwandter, der \u00f6rtliche Bademeister, ja sogar ein Blitzer. Ihr wollt ein spezielles Foto von Euch? Etwas Ausgefallenes? Etwas Besonderes? Dann k\u00f6nnen WIR Euch mit gr\u00f6\u00dfter Wahrscheinlichkeit helfen! Wie tun wir das? Ihr liefert die Idee oder meldet euch auf eines unserer &#8222;Wannado&#8217;s&#8220;. [&hellip;]<\/p>\n","protected":false},"author":1,"featured_media":0,"parent":0,"menu_order":3,"comment_status":"closed","ping_status":"closed","template":"","meta":[],"_links":{"self":[{"href":"http:\/\/themirror-photography.de\/index.php?rest_route=\/wp\/v2\/pages\/13"}],"collection":[{"href":"http:\/\/themirror-photography.de\/index.php?rest_route=\/wp\/v2\/pages"}],"about":[{"href":"http:\/\/themirror-photography.de\/index.php?rest_route=\/wp\/v2\/types\/page"}],"author":[{"embeddable":true,"href":"http:\/\/themirror-photography.de\/index.php?rest_route=\/wp\/v2\/users\/1"}],"replies":[{"embeddable":true,"href":"http:\/\/themirror-photography.de\/index.php?rest_route=%2Fwp%2Fv2%2Fcomments&post=13"}],"version-history":[{"count":4,"href":"http:\/\/themirror-photography.de\/index.php?rest_route=\/wp\/v2\/pages\/13\/revisions"}],"predecessor-version":[{"id":68,"href":"http:\/\/themirror-photography.de\/index.php?rest_route=\/wp\/v2\/pages\/13\/revisions\/68"}],"wp:attachment":[{"href":"http:\/\/themirror-photography.de\/index.php?rest_route=%2Fwp%2Fv2%2Fmedia&parent=13"}],"curies":[{"name":"wp","href":"https:\/\/api.w.org\/{rel}","templated":true}]}}